{"id":117,"date":"2020-11-18T16:30:25","date_gmt":"2020-11-18T16:30:25","guid":{"rendered":"http:\/\/patrice-blickwinkel.de\/?page_id=117"},"modified":"2022-09-20T13:30:35","modified_gmt":"2022-09-20T13:30:35","slug":"hygienekonzept","status":"publish","type":"page","link":"http:\/\/patrice-blickwinkel.de\/?page_id=117","title":{"rendered":"Hygienekonzept"},"content":{"rendered":"\n<p class=\"has-medium-pink-color has-text-color\"><strong>derzeit gibt es keine Coronabestimmungen f\u00fcr das Atelier<\/strong> <br>(September 2022)<\/p>\n\n\n\n<p><\/p>\n\n\n\n<p>kurz Fassung der <strong>Hygieneregeln <\/strong>im \u00dcberblick<br><strong><br><\/strong><em>Folgende Hygiene-Regeln sind neu<\/em>:<br>Beim Kommen und Gehen <strong>auf Abstand achten<\/strong><br>Beim Ankommen, als erstes <strong>H\u00e4nde waschen<\/strong>,<br>die Kursteilnehmer muss ich namentlich mit Telefonnummer und <strong>Adresse notieren<\/strong>,<br>Sch\u00fcrzen m\u00fcssen selber mitgebracht werden, am besten zieht ihr Malkleidung an,<br>Abstandsregel gilt auch im Atelier,<br><strong>Masken<\/strong> werden dann getragen, wenn der Abstand nicht mehr gew\u00e4hrleistet wird, oder beim Herumlaufen in den R\u00e4umen oder zu der Toilette<br>selbstverst\u00e4ndlich werden alle Malutensilien vorschriftsm\u00e4ssig gereinigt und jeder Sitzplatz mit eigenen Utensilien ausgestattet<br>alle Tische sind mit <strong>Spuckschutz<\/strong> ausgestattet<br>Trinkflaschen m\u00fcssen mitgebracht werden<\/p>\n\n\n\n<p><strong>An die Eltern<\/strong>: <br>bitte <strong>kl\u00e4rt Eure Kinder \u00fcber die Abstands- und Hygieneregeln auf<\/strong>.<br>Achtet bitte beim Kommen und Gehen, beim Bringen und Abholen auf die 1,5m <strong>Abstandsregel<\/strong>.<\/p>\n\n\n\n<p>F\u00fcr unter 6-J\u00e4hrige und Kinder, die noch nicht zur Schule gehen, sowie Sch\u00fclerinnen und Sch\u00fcler unter 18 Jahre gilt keine Nachweispflicht.<br><strong>Der Zutritt f\u00fcr Personen ab 18 Jahren ist nur mit FFP2-Maske erlaubt. <\/strong><\/p>\n\n\n\n<p>Vielen Dank, Ich freue mich sehr auf Euch!<br><em>Patrice Dufner<\/em><\/p>\n\n\n\n<p>ausf\u00fchrlicher <strong>Hygieneplan<\/strong><br>f\u00fcr das Atelier <strong>blickwinkel<\/strong><br>vom 22.01.2022<br>anl\u00e4sslich der Corona-Pandemie<\/p>\n\n\n\n<p>INHALT<br>GRUND\u00c4TZLICHES<\/p>\n\n\n\n<ol class=\"wp-block-list\"><li>Pers\u00f6nliche Hygiene<br>2.1. Zugang zur Kunstschule<br>2.2. Wegef\u00fchrung<\/li><li>Raumsituationen, RAUMHYGIENE<br>3.1. R\u00e4ume<br>3.2. L\u00fcften<br>3.3. Reinigung<br>3.4. Nachverfolgung<\/li><li>KUNSTSCHULUNTERRICHT<br>4.1. UNTERRICHT IM BEREICH BILDENDE KUNST<\/li><li>HYGIENE IM SANIT\u00c4RBEREICH<\/li><li>VERANTWORTLICHKEIT UND UNTERWEISUNG<\/li><li>VERWALTUNG<\/li><li>MELDEPFLICHT<\/li><\/ol>\n\n\n\n<p>GRUNDS\u00c4TZLICHES<br>Dieser Hygieneplan ist durch die Kunstschulleitung zu ver\u00f6ffentlichen. Er gilt bis zu seiner Aufhebung durch die Schulleitung. Alle Personen, die sich in der Kunstschule aufhalten, haben diese Hygienebestimmungen, die Anweisungen und Verlautbarungen der Gesundheitsbeh\u00f6rden sowie die Anweisungen der Schulleitung zur Wahrung der Hygiene und des Infektionsschutzes an der Schule zu befolgen.<\/p>\n\n\n\n<p>PERS\u00d6NLICHE HYGIENE<br>Das Coronavirus ist von Mensch zu Mensch \u00fcbertragbar. Der Haupt\u00fcbertragungsweg ist die Tr\u00f6pfcheninfektion. Dies erfolgt vor allem direkt \u00fcber die Schleimh\u00e4ute der Atemwege. Dar\u00fcber hinaus ist insbesondere auch indirekt \u00fcber H\u00e4nde, die dann mit Mund- oder Nasenschleimhaut sowie die Augenbindehaut in Kontakt gebracht werden, eine \u00dcbertragung m\u00f6glich.<\/p>\n\n\n\n<p>Wichtige und notwendige HygienemaSSnahmen<\/p>\n\n\n\n<p>Bei Krankheitszeichen (z.B. Fieber, trockener Husten, Atemproblemen, Verlust Geschmacks-\/Geruchssinn, Halsschmerzen Gliederschmerzen) auf jeden Fall zu Hause bleiben. Kinder und Jugendliche bei solchen Anzeichen umgehend nach Hause schicken bzw. Eltern informieren.<br>Mindestens 1,50 m Abstand halten<br>Mit den H\u00e4nden nicht das Gesicht, insbesondere die Schleimh\u00e4ute ber\u00fchren, d.h. nicht an Mund, Augen und Nase fassen.<br>Keine Ber\u00fchrungen, Umarmungen und kein H\u00e4ndesch\u00fctteln.<br>Gr\u00fcndliche H\u00e4ndehygiene (z. B. nach dem Naseputzen, Husten oder Niesen; nach der Benutzung von \u00f6ffentlichen Verkehrsmitteln; nach Kontakt mit Treppengel\u00e4ndern, T\u00fcrgriffen, Haltegriffen etc., vor und nach dem Essen; vor dem Aufsetzen und nach dem Abnehmen einer Schutzmaske, nach dem Toiletten-Gang oder nach Betreten des Klassenraums) durch H\u00e4ndewaschen mit Seife f\u00fcr 20 \u2013 30 Sekunden.<br>Das Desinfizieren der H\u00e4nde ist dann sinnvoll, wenn ein gr\u00fcndliches H\u00e4ndewaschen nicht m\u00f6glich ist. Dazu muss Desinfektionsmittel in ausreichender Menge in die trockene Hand gegeben und bis zur vollst\u00e4ndigen Abtrocknung ca. 30 Sekunden in die H\u00e4nde einmassiert werden. Dabei ist auf die vollst\u00e4ndige Benetzung der H\u00e4nde zu achten.<br>(siehe auch wwwwww.aktion-sauberehaende.de).<br>\u00d6ffentlich zug\u00e4ngliche Gegenst\u00e4nde wie T\u00fcrklinken oder Fahrstuhlkn\u00f6pfe m\u00f6glichst nicht mit der vollen Hand bzw. den Fingern anfassen, ggf. Ellenbogen benutzen.<br>Husten- und Niesetikette: Husten und Niesen in die Armbeuge geh\u00f6ren zu den wichtigsten Pr\u00e4ventionsma\u00dfnahmen! beim Husten oder Niesen gr\u00f6\u00dft-m\u00f6glichen Abstand zu anderen Personen halten, am besten wegdrehen.<br>Mund-Nasen-Schutz: Im Unterricht ist das Tragen einer Mund-Nasen-Bedeckung bei gew\u00e4hrleistetem Sicherheitsabstand nicht erforderlich, gleichwohl zul\u00e4ssig. Sollten Sch\u00fcler*innen sowie Lehrkr\u00e4fte in der Kunstschule eine Mund-Nasen-Bedeckung verwenden wollen, so spricht nichts dagegen.<\/p>\n\n\n\n<ol class=\"wp-block-list\"><li>Zug\u00e4nge, WEGEF\u00dcHRUNG<br>In allen Unterrichtsr\u00e4umen sowie in Eingangs- und Aufenthaltsbereichen werden Hinweisschilder auf Hygienevorschriften und Distanzregeln gut sichtbar und an entsprechenden Stellen angebracht. Das vom Landesverband bereitgestellte Merkblatt (ANLAGE 1) sowie eigene Hinweisschilder werden daf\u00fcr genutzt.<br>2.1. Zugang zur Kunstschule<br>Das \/ die Geb\u00e4ude der Kunstschule darf nur von Mitarbeitenden, Kunstsch\u00fcler<em>innen sowie von weiteren Personen betreten werden, denen der Zugang durch die Leitung der Kunstschule oder deren Tr\u00e4ger ausdr\u00fccklich gestattet ist. Elternwartezonen werden vor dem Geb\u00e4ude ausgewiesen oder wo dies nicht m\u00f6glich ist gibt es Bodenmarkierungen zur Abstandswahrung bzw. durch Reduzierung der Sitzm\u00f6glichkeiten in vorgegeben Positionen. Nur im absoluten Ausnahmefall d\u00fcrfen Sch\u00fcler<\/em>innen von einer Person begleitet werden (z.B. Bringen und Abholen der j\u00fcngeren Sch\u00fcler<em>innen). In allen F\u00e4llen ist der Aufenthalt in den Unterrichtsr\u00e4umen und Geb\u00e4uden auf den unbedingt notwendigen Zeitraum zu beschr\u00e4nken. Eltern und Geschwisterkinder d\u00fcrfen nicht in den Unterrichtsraum. Wenn dies r\u00e4umlich m\u00f6glich ist, betreten und verlassen Mitarbeitende, Kunstsch\u00fcler<\/em>innen, deren Erziehungsberechtigten bzw. diese zum Unterricht begleitende Personen das Geb\u00e4ude durch unterschiedliche Zu- und Ausg\u00e4nge.<br>Keinen Zutritt zum Geb\u00e4ude der Kunstschule und zu von der Kunstschule f\u00fcr den Unterricht genutzten R\u00e4umlichkeiten haben Personen, auf die mindestens eines der folgenden Merkmale zutrifft:<br>positiv auf SARS-CoV-2 getestet oder als positiv eingestuft bis zum Nachweis eines negativen Tests,<br>vom Gesundheitsamt aus anderen Gr\u00fcnden (z. B. als Kontaktperson Kat. I) angeordnete Quarant\u00e4ne f\u00fcr die jeweilige Dauer,<br>2.2. Wegef\u00fchrung<br>In Korridoren und Fluren sind Markierungen auf dem Boden und\/oder an den W\u00e4nden f\u00fcr die Laufwege vorhanden, die so angeordnet sind, dass auch in engen Fluren kein Kontakt zustande kommt.<br>Die vorhandenen Fahrst\u00fchle d\u00fcrfen jeweils nur von einer Person pro Fahrt genutzt werden. Ausgenommen sind Personen, die (1) in gerader Linie verwandt sind, wie beispielsweise Eltern und Kinder und Enkelkinder oder (2) in h\u00e4uslicher Gemeinschaft miteinander leben.<\/li><li>Raumsituationen, RAUMHYGIENE<br>3.1. R\u00e4ume<br>F\u00fcr den Kunstschulunterricht werden ausschlie\u00dflich ausreichend gro\u00dfe Unterrichtsr\u00e4ume genutzt, die m\u00f6glichst nicht anderweitig belegt werden. Bei einer wechselnden Nutzung (beispielsweise mit anderen Einrichtungen) muss eine Zwischenreinigung und gegebenenfalls eine Desinfektion der R\u00e4ume sichergestellt werden.<br>Zur Vermeidung der \u00dcbertragung durch Tr\u00f6pfcheninfektion muss im Unterrichtsbetrieb ein Abstand von mindestens 1,50 Metern eingehalten werden. Das bedeutet, dass die Tische in den Ateliers, Werkr\u00e4umen und Studios entsprechend weit auseinandergestellt werden m\u00fcssen und damit deutlich weniger Teilnehmer<em>innen den Kurs besuchen k\u00f6nnen. Die Anzahl der Teilnehmer<\/em>innen ist abh\u00e4ngig von der Gr\u00f6\u00dfe des Ateliers\/der Werkr\u00e4ume.<br>Seife und Einweghandt\u00fccher stehen den Arbeitswaschbecken im Atelier zur Verf\u00fcgung.<br>Die Arbeitswaschbecken sind auch mit Abstandsmarkierungen zu versehen, um die Teilnehmer*innen daran zu erinnern, dass immer nur eine Person am Waschbecken hantieren kann.<br>3.2. L\u00fcften<br>Besonders wichtig ist das regelm\u00e4\u00dfige und richtige L\u00fcften, da dadurch die Innenraumluft ausgetauscht wird. Mehrmals t\u00e4glich, mindestens in jeder Pause, ist eine Sto\u00dfl\u00fcftung bzw. Querl\u00fcftung durch vollst\u00e4ndig ge\u00f6ffnete Fenster \u00fcber mehrere Minuten vorzunehmen. Eine Kippl\u00fcftung ist weitgehend wirkungslos, da durch sie kaum Luft ausgetauscht wird. Aus Sicherheitsgr\u00fcnden verschlossene Fenster m\u00fcssen daher f\u00fcr die L\u00fcftung unter Aufsicht ge\u00f6ffnet werden. K\u00f6nnen aufgrund baulicher Ma\u00dfnahmen Fenster in einem Raum dauerhaft nicht ge\u00f6ffnet werden, ist er f\u00fcr den Unterricht nicht geeignet, es sei denn, es ist eine effektive raumlufttechnische Anlage (L\u00fcftungsanlage) vorhanden.<\/li><\/ol>\n\n\n\n<p>3.3. Reinigung<br>Die Reinigung von Oberfl\u00e4chen steht im Vordergrund. Dies gilt auch f\u00fcr Oberfl\u00e4chen, welchen antimikrobielle Eigenschaften zugeschrieben werden, da auch hier Sekrete und Verschmutzungen mechanisch entfernt werden sollen.<br>Die Oberfl\u00e4chenreinigung von technischen Ger\u00e4ten wie PC-Tastatur, Telefon, Drucker, Kopierer etc. erfolgt vor der Nutzung von den Nutzern anhand feuchten Einmaldesinfektionst\u00fcchern.<br>Werkzeuge und Malutensilien m\u00fcssen nach jedem Kurs gereinigt werden.<br>Wird eine Desinfektion im Einzelfall als notwendig erachtet, so sollte diese generell als Wischdesinfektion mit einer kalten L\u00f6sung durchgef\u00fchrt werden. Eine Spr\u00fchdesinfektion, d.h. die Benetzung der Oberfl\u00e4che ohne mechanische Einwirkung, ist weniger effektiv und auch aus Arbeitsschutzgr\u00fcnden bedenklich, da Desinfektionsmittel eingeatmet werden k\u00f6nnen (ebenso bei warmer, evtl. dampfender Desinfektionsl\u00f6sung). Auch Raumbegasungen zur Desinfektion sind hier grunds\u00e4tzlich nicht angezeigt. Die Einwirkzeit bzw. Benetzungszeit ist zu beachten. Je nach Desinfektionsmittel (wenn getrocknete Reste reizend wirken) ist eine anschlie\u00dfende Grundreinigung erforderlich.<br>Folgende Areale sollen besonders gr\u00fcndlich und in stark frequentierten Bereichen mehrmals t\u00e4glich gereinigt werden:<br>T\u00fcrklinken und Griffe (z.B. an Schubladen- und Fenstergriffe) sowie der Umgriff der T\u00fcren,<br>Treppen- &amp; Handl\u00e4ufe,<br>Lichtschalter,<br>Tische, Telefone, Kopierer<br>und alle weiteren Griffbereiche, wie z.B. Computerm\u00e4use und Tastaturen.<br>Ebenso sind mobile oder feststehende Trennw\u00e4nde (Plexiglas) nach jeder Unterrichtsstunde und vor dem Eintritt der n\u00e4chsten Sch\u00fcler*in zu reinigen.<br>Das regelm\u00e4\u00dfige Reinigen bzw. Desinfizieren nach jeder Unterrichtsstunde wird durch die Lehrkraft vorgenommen (Desinfektionsmittel wird zur Verf\u00fcgung gestellt).<\/p>\n\n\n\n<p>3.4. Nachverfolgung<br>F\u00fcr alle von der Kunstschule f\u00fcr den Unterricht genutzten Geb\u00e4ude und R\u00e4ume werden t\u00e4gliche Anwesenheitslisten gef\u00fchrt, in denen zur Nachverfolgung von Infektionsketten die Personendaten hinterlegt werden. Die Anwesenheitslisten sind so zu f\u00fchren, dass jederzeit und f\u00fcr alle betreffenden Geb\u00e4ude nachzuvollziehen und dokumentiert ist, wer sich wann in welchem Unterrichtsraum aufgehalten hat.<\/p>\n\n\n\n<p>4.1. UNTERRICHT IM BEREICH BILDENDE KUNST<br>Es finden keine Gruppenarbeiten statt, sondern nur Arbeiten am eigenen Bild, Objekt, Text.<br>Der Austausch von Pinseln und anderen Werkzeugen w\u00e4hrend des Unterrichts ist nicht gestattet. Nach M\u00f6glichkeit werden pro Arbeitsplatz alle ben\u00f6tigten Materialien bereitgestellt. Wenn das aus r\u00e4umlichen Gr\u00fcnden nicht m\u00f6glich ist, darf das Material nur einzeln am Materialschrank\/tisch geholt werden.<br>Das Arbeitswaschbecken darf immer nur von einer Person genutzt werden, Markierungen erleichtern die Abstandsregeln.<\/p>\n\n\n\n<ol class=\"wp-block-list\" start=\"5\"><li>HYGIENE IM SANIT\u00c4RBEREICH<br>In allen Toilettenr\u00e4umen m\u00fcssen ausreichend Fl\u00fcssigseifenspender und Einmalhandt\u00fccher1 bereitgestellt und regelm\u00e4\u00dfig aufgef\u00fcllt werden. Die entsprechenden Auffangbeh\u00e4lter f\u00fcr Einmalhandt\u00fccher und Toilettenpapier sind vorzuhalten. Am Eingang der Toiletten muss durch gut sichtbaren Aushang darauf hingewiesen werden, dass sich in den Toilettenr\u00e4umen stets nur einzelne Sch\u00fcler*innen (Zahl in Abh\u00e4ngigkeit von der Gr\u00f6\u00dfe des Sanit\u00e4rbereichs) aufhalten d\u00fcrfen.<br>Toilettensitze, Armaturen, Waschbecken und Fu\u00dfb\u00f6den sind t\u00e4glich zu reinigen. Bei Verschmutzungen mit F\u00e4kalien, Blut oder Erbrochenem ist nach Entfernung der Kontamination mit einem Desinfektionsmittel getr\u00e4nkten Einmaltuch eine prophylaktische Scheuer-Wisch-Desinfektion erforderlich. Dabei sind Arbeitsgummihandschuhe zu tragen. Wickelauflagen sind unmittelbar nach Nutzung zu desinfizieren.<\/li><li>VERANTWORTLICHKEIT UND UNTERWEISUNG<br>Die Kunstschulleitung tr\u00e4gt die Verantwortung f\u00fcr die Sicherstellung der hygienischen Erfordernisse, nimmt ihre Verantwortung durch Anleitung und Kontrolle wahr und ist f\u00fcr Absprachen mit dem Tr\u00e4ger der Kunstschule verantwortlich.<br>Die Unterweisung von Lehrkr\u00e4ften und allen weiteren Mitarbeitenden der Kunstschule zu Inhalten des Hygieneplans ist eine verbindliche Voraussetzung f\u00fcr die Umsetzung der festgelegten Ma\u00dfnahmen. Die Unterweisung der Lehrkr\u00e4fte erfolgt bei Wiederaufnahme des Unterrichtsbetriebes. Die Lehrkr\u00e4fte unterzeichnen das vom Landesverband zur Verf\u00fcgung gestellte Formular mit allen Informationen. (ANLAGE 2)<br>Die Unterweisung der Kunstsch\u00fcler<em>innen hat in der jeweils ersten Unterrichtsstunde nach Wiederaufnahme des Unterrichtsbetriebes zu erfolgen und ist auch bei weiteren Terminen ggfs. nachzuholen. Die festgelegten Hygieneregeln werden den Kunstsch\u00fcler<\/em>innen und ihren Erziehungsberechtigten auch vorab (per Infoschreiben, E-Mailanhang o. \u00e4.) mitgeteilt.<\/li><li>VERWALTUNG<br>Die Mitarbeitenden der Verwaltung sind zu einer m\u00f6glichst kontaktarmen Kommunikation innerhalb der Verwaltung sowie mit Sch\u00fcler<em>innen, Eltern und Dozent<\/em>innen angehalten. Das bedeutet, dass Buchung \/ Information \/ Abrechnung durch Telefon oder Mail und nicht pers\u00f6nlich im B\u00fcro stattfindet.<br>Falls dies r\u00e4umlich notwendig ist, werden Theken bzw. Schreibtische in der Verwaltung mit Spuckschutz ausgestattet.<\/li><li>MELDEPFLICHT<br>Sowohl der Verdacht einer Erkrankung als auch das Auftreten von COVID-19 F\u00e4llen sind der Schulleitung und dem Gesundheitsamt unverz\u00fcglich zu melden<\/li><\/ol>\n","protected":false},"excerpt":{"rendered":"<p>derzeit gibt es keine Coronabestimmungen f\u00fcr das Atelier (September 2022) kurz Fassung der Hygieneregeln im \u00dcberblickFolgende Hygiene-Regeln sind neu:Beim Kommen und Gehen auf Abstand achtenBeim Ankommen, als erstes H\u00e4nde waschen,die Kursteilnehmer muss ich namentlich mit Telefonnummer und Adresse notieren,Sch\u00fcrzen m\u00fcssen selber mitgebracht werden, am besten zieht ihr Malkleidung an,Abstandsregel gilt auch im Atelier,Masken werden dann &hellip; <a href=\"http:\/\/patrice-blickwinkel.de\/?page_id=117\" class=\"more-link\"><span class=\"screen-reader-text\">Hygienekonzept<\/span> weiterlesen<\/a><\/p>\n","protected":false},"author":1,"featured_media":0,"parent":0,"menu_order":0,"comment_status":"closed","ping_status":"closed","template":"","meta":{"footnotes":""},"class_list":["post-117","page","type-page","status-publish","hentry"],"_links":{"self":[{"href":"http:\/\/patrice-blickwinkel.de\/index.php?rest_route=\/wp\/v2\/pages\/117","targetHints":{"allow":["GET"]}}],"collection":[{"href":"http:\/\/patrice-blickwinkel.de\/index.php?rest_route=\/wp\/v2\/pages"}],"about":[{"href":"http:\/\/patrice-blickwinkel.de\/index.php?rest_route=\/wp\/v2\/types\/page"}],"author":[{"embeddable":true,"href":"http:\/\/patrice-blickwinkel.de\/index.php?rest_route=\/wp\/v2\/users\/1"}],"replies":[{"embeddable":true,"href":"http:\/\/patrice-blickwinkel.de\/index.php?rest_route=%2Fwp%2Fv2%2Fcomments&post=117"}],"version-history":[{"count":5,"href":"http:\/\/patrice-blickwinkel.de\/index.php?rest_route=\/wp\/v2\/pages\/117\/revisions"}],"predecessor-version":[{"id":362,"href":"http:\/\/patrice-blickwinkel.de\/index.php?rest_route=\/wp\/v2\/pages\/117\/revisions\/362"}],"wp:attachment":[{"href":"http:\/\/patrice-blickwinkel.de\/index.php?rest_route=%2Fwp%2Fv2%2Fmedia&parent=117"}],"curies":[{"name":"wp","href":"https:\/\/api.w.org\/{rel}","templated":true}]}}