{"id":364,"date":"2022-10-24T17:36:43","date_gmt":"2022-10-24T17:36:43","guid":{"rendered":"http:\/\/patrice-blickwinkel.de\/?page_id=364"},"modified":"2025-09-30T16:57:10","modified_gmt":"2025-09-30T16:57:10","slug":"makramee-tee-im-atelier","status":"publish","type":"page","link":"http:\/\/patrice-blickwinkel.de\/?page_id=364","title":{"rendered":"Makramee &#038; Tee im Atelier"},"content":{"rendered":"\n<h3 class=\"wp-block-heading has-bright-blue-color has-text-color has-link-color wp-elements-1421552d4ee8f7da2612f2319f1c004e\"><strong>Kurse von Nadja Dufner<\/strong><br>bald gehen die neuen Termine online <\/h3>\n\n\n\n<p class=\"has-bright-blue-color has-text-color has-link-color wp-elements-f096898ab87162081c24aa548bdf75e7\"><\/p>\n\n\n\n<figure class=\"wp-block-gallery has-nested-images columns-default is-cropped wp-block-gallery-1 is-layout-flex wp-block-gallery-is-layout-flex\">\n<figure class=\"wp-block-image size-large\"><img loading=\"lazy\" decoding=\"async\" width=\"240\" height=\"320\" data-id=\"436\" src=\"http:\/\/patrice-blickwinkel.de\/wp-content\/uploads\/2023\/03\/IMG_20221203_175820.jpeg\" alt=\"\" class=\"wp-image-436\" srcset=\"http:\/\/patrice-blickwinkel.de\/wp-content\/uploads\/2023\/03\/IMG_20221203_175820.jpeg 240w, http:\/\/patrice-blickwinkel.de\/wp-content\/uploads\/2023\/03\/IMG_20221203_175820-225x300.jpeg 225w\" sizes=\"auto, (max-width: 240px) 100vw, 240px\" \/><\/figure>\n\n\n\n<figure class=\"wp-block-image size-large\"><img loading=\"lazy\" decoding=\"async\" width=\"240\" height=\"320\" data-id=\"437\" src=\"http:\/\/patrice-blickwinkel.de\/wp-content\/uploads\/2023\/03\/IMG_20230128_113348.jpeg\" alt=\"\" class=\"wp-image-437\" srcset=\"http:\/\/patrice-blickwinkel.de\/wp-content\/uploads\/2023\/03\/IMG_20230128_113348.jpeg 240w, http:\/\/patrice-blickwinkel.de\/wp-content\/uploads\/2023\/03\/IMG_20230128_113348-225x300.jpeg 225w\" sizes=\"auto, (max-width: 240px) 100vw, 240px\" \/><\/figure>\n\n\n\n<figure class=\"wp-block-image size-large\"><img loading=\"lazy\" decoding=\"async\" width=\"320\" height=\"240\" data-id=\"433\" src=\"http:\/\/patrice-blickwinkel.de\/wp-content\/uploads\/2023\/03\/IMG_20230202_100434.jpeg\" alt=\"\" class=\"wp-image-433\" srcset=\"http:\/\/patrice-blickwinkel.de\/wp-content\/uploads\/2023\/03\/IMG_20230202_100434.jpeg 320w, http:\/\/patrice-blickwinkel.de\/wp-content\/uploads\/2023\/03\/IMG_20230202_100434-300x225.jpeg 300w\" sizes=\"auto, (max-width: 320px) 100vw, 320px\" \/><\/figure>\n\n\n\n<figure class=\"wp-block-image size-large\"><img loading=\"lazy\" decoding=\"async\" width=\"301\" height=\"241\" data-id=\"438\" src=\"http:\/\/patrice-blickwinkel.de\/wp-content\/uploads\/2023\/03\/Screenshot_20230126_110718_com.instagram.android_edit_104635831091324.jpeg\" alt=\"\" class=\"wp-image-438\"\/><\/figure>\n\n\n\n<figure class=\"wp-block-image size-large\"><img loading=\"lazy\" decoding=\"async\" width=\"240\" height=\"320\" data-id=\"434\" src=\"http:\/\/patrice-blickwinkel.de\/wp-content\/uploads\/2023\/03\/IMG_20230202_094715.jpeg\" alt=\"\" class=\"wp-image-434\" srcset=\"http:\/\/patrice-blickwinkel.de\/wp-content\/uploads\/2023\/03\/IMG_20230202_094715.jpeg 240w, http:\/\/patrice-blickwinkel.de\/wp-content\/uploads\/2023\/03\/IMG_20230202_094715-225x300.jpeg 225w\" sizes=\"auto, (max-width: 240px) 100vw, 240px\" \/><\/figure>\n\n\n\n<figure class=\"wp-block-image size-large\"><img loading=\"lazy\" decoding=\"async\" width=\"240\" height=\"320\" data-id=\"435\" src=\"http:\/\/patrice-blickwinkel.de\/wp-content\/uploads\/2023\/03\/IMG_20230202_100546.jpeg\" alt=\"\" class=\"wp-image-435\" srcset=\"http:\/\/patrice-blickwinkel.de\/wp-content\/uploads\/2023\/03\/IMG_20230202_100546.jpeg 240w, http:\/\/patrice-blickwinkel.de\/wp-content\/uploads\/2023\/03\/IMG_20230202_100546-225x300.jpeg 225w\" sizes=\"auto, (max-width: 240px) 100vw, 240px\" \/><\/figure>\n\n\n\n<figure class=\"wp-block-image size-large\"><img loading=\"lazy\" decoding=\"async\" width=\"240\" height=\"320\" data-id=\"439\" src=\"http:\/\/patrice-blickwinkel.de\/wp-content\/uploads\/2023\/03\/IMG_20230114_125837.jpeg\" alt=\"\" class=\"wp-image-439\" srcset=\"http:\/\/patrice-blickwinkel.de\/wp-content\/uploads\/2023\/03\/IMG_20230114_125837.jpeg 240w, http:\/\/patrice-blickwinkel.de\/wp-content\/uploads\/2023\/03\/IMG_20230114_125837-225x300.jpeg 225w\" sizes=\"auto, (max-width: 240px) 100vw, 240px\" \/><\/figure>\n\n\n\n<figure class=\"wp-block-image size-large\"><img loading=\"lazy\" decoding=\"async\" width=\"240\" height=\"320\" data-id=\"440\" src=\"http:\/\/patrice-blickwinkel.de\/wp-content\/uploads\/2023\/03\/IMG_20230202_094638.jpeg\" alt=\"\" class=\"wp-image-440\" srcset=\"http:\/\/patrice-blickwinkel.de\/wp-content\/uploads\/2023\/03\/IMG_20230202_094638.jpeg 240w, http:\/\/patrice-blickwinkel.de\/wp-content\/uploads\/2023\/03\/IMG_20230202_094638-225x300.jpeg 225w\" sizes=\"auto, (max-width: 240px) 100vw, 240px\" \/><\/figure>\n\n\n\n<figure class=\"wp-block-image size-large\"><img loading=\"lazy\" decoding=\"async\" width=\"320\" height=\"240\" data-id=\"441\" src=\"http:\/\/patrice-blickwinkel.de\/wp-content\/uploads\/2023\/03\/IMG_20230202_094757.jpeg\" alt=\"\" class=\"wp-image-441\" srcset=\"http:\/\/patrice-blickwinkel.de\/wp-content\/uploads\/2023\/03\/IMG_20230202_094757.jpeg 320w, http:\/\/patrice-blickwinkel.de\/wp-content\/uploads\/2023\/03\/IMG_20230202_094757-300x225.jpeg 300w\" sizes=\"auto, (max-width: 320px) 100vw, 320px\" \/><\/figure>\n<\/figure>\n\n\n\n<p>(<strong>Kreiere ein Windlicht<\/strong>)<\/p>\n\n\n\n<h2 class=\"wp-block-heading\"><\/h2>\n\n\n\n<figure class=\"wp-block-gallery has-nested-images columns-default is-cropped wp-block-gallery-2 is-layout-flex wp-block-gallery-is-layout-flex\">\n<figure class=\"wp-block-image size-large\"><img loading=\"lazy\" decoding=\"async\" width=\"830\" height=\"892\" data-id=\"740\" src=\"http:\/\/patrice-blickwinkel.de\/wp-content\/uploads\/2024\/10\/PHOTO-2024-09-18-17-17-05.jpg\" alt=\"\" class=\"wp-image-740\" srcset=\"http:\/\/patrice-blickwinkel.de\/wp-content\/uploads\/2024\/10\/PHOTO-2024-09-18-17-17-05.jpg 830w, http:\/\/patrice-blickwinkel.de\/wp-content\/uploads\/2024\/10\/PHOTO-2024-09-18-17-17-05-279x300.jpg 279w, http:\/\/patrice-blickwinkel.de\/wp-content\/uploads\/2024\/10\/PHOTO-2024-09-18-17-17-05-768x825.jpg 768w\" sizes=\"auto, (max-width: 830px) 100vw, 830px\" \/><\/figure>\n\n\n\n<figure class=\"wp-block-image size-large\"><img loading=\"lazy\" decoding=\"async\" width=\"768\" height=\"1024\" data-id=\"744\" src=\"http:\/\/patrice-blickwinkel.de\/wp-content\/uploads\/2024\/10\/PHOTO-2024-09-18-17-17-40-1-768x1024.jpg\" alt=\"\" class=\"wp-image-744\" srcset=\"http:\/\/patrice-blickwinkel.de\/wp-content\/uploads\/2024\/10\/PHOTO-2024-09-18-17-17-40-1-768x1024.jpg 768w, http:\/\/patrice-blickwinkel.de\/wp-content\/uploads\/2024\/10\/PHOTO-2024-09-18-17-17-40-1-225x300.jpg 225w, http:\/\/patrice-blickwinkel.de\/wp-content\/uploads\/2024\/10\/PHOTO-2024-09-18-17-17-40-1-1152x1536.jpg 1152w, http:\/\/patrice-blickwinkel.de\/wp-content\/uploads\/2024\/10\/PHOTO-2024-09-18-17-17-40-1.jpg 1200w\" sizes=\"auto, (max-width: 768px) 100vw, 768px\" \/><\/figure>\n\n\n\n<figure class=\"wp-block-image size-large\"><img loading=\"lazy\" decoding=\"async\" width=\"1024\" height=\"768\" data-id=\"743\" src=\"http:\/\/patrice-blickwinkel.de\/wp-content\/uploads\/2024\/10\/PHOTO-2024-09-18-17-17-40-2-1024x768.jpg\" alt=\"\" class=\"wp-image-743\" srcset=\"http:\/\/patrice-blickwinkel.de\/wp-content\/uploads\/2024\/10\/PHOTO-2024-09-18-17-17-40-2-1024x768.jpg 1024w, http:\/\/patrice-blickwinkel.de\/wp-content\/uploads\/2024\/10\/PHOTO-2024-09-18-17-17-40-2-300x225.jpg 300w, http:\/\/patrice-blickwinkel.de\/wp-content\/uploads\/2024\/10\/PHOTO-2024-09-18-17-17-40-2-768x576.jpg 768w, http:\/\/patrice-blickwinkel.de\/wp-content\/uploads\/2024\/10\/PHOTO-2024-09-18-17-17-40-2-1536x1152.jpg 1536w, http:\/\/patrice-blickwinkel.de\/wp-content\/uploads\/2024\/10\/PHOTO-2024-09-18-17-17-40-2.jpg 1600w\" sizes=\"auto, (max-width: 1024px) 100vw, 1024px\" \/><\/figure>\n\n\n\n<figure class=\"wp-block-image size-large\"><img loading=\"lazy\" decoding=\"async\" width=\"1024\" height=\"768\" data-id=\"741\" src=\"http:\/\/patrice-blickwinkel.de\/wp-content\/uploads\/2024\/10\/PHOTO-2024-10-08-17-38-11-1024x768.jpg\" alt=\"\" class=\"wp-image-741\" srcset=\"http:\/\/patrice-blickwinkel.de\/wp-content\/uploads\/2024\/10\/PHOTO-2024-10-08-17-38-11-1024x768.jpg 1024w, http:\/\/patrice-blickwinkel.de\/wp-content\/uploads\/2024\/10\/PHOTO-2024-10-08-17-38-11-300x225.jpg 300w, http:\/\/patrice-blickwinkel.de\/wp-content\/uploads\/2024\/10\/PHOTO-2024-10-08-17-38-11-768x576.jpg 768w, http:\/\/patrice-blickwinkel.de\/wp-content\/uploads\/2024\/10\/PHOTO-2024-10-08-17-38-11-1536x1152.jpg 1536w, http:\/\/patrice-blickwinkel.de\/wp-content\/uploads\/2024\/10\/PHOTO-2024-10-08-17-38-11.jpg 1600w\" sizes=\"auto, (max-width: 1024px) 100vw, 1024px\" \/><\/figure>\n\n\n\n<figure class=\"wp-block-image size-large\"><img loading=\"lazy\" decoding=\"async\" width=\"768\" height=\"1024\" data-id=\"813\" src=\"https:\/\/patrice-blickwinkel.de\/wp-content\/uploads\/2025\/04\/PHOTO-2025-04-24-21-06-36-768x1024.jpg\" alt=\"\" class=\"wp-image-813\" srcset=\"http:\/\/patrice-blickwinkel.de\/wp-content\/uploads\/2025\/04\/PHOTO-2025-04-24-21-06-36-768x1024.jpg 768w, http:\/\/patrice-blickwinkel.de\/wp-content\/uploads\/2025\/04\/PHOTO-2025-04-24-21-06-36-225x300.jpg 225w, http:\/\/patrice-blickwinkel.de\/wp-content\/uploads\/2025\/04\/PHOTO-2025-04-24-21-06-36-1152x1536.jpg 1152w, http:\/\/patrice-blickwinkel.de\/wp-content\/uploads\/2025\/04\/PHOTO-2025-04-24-21-06-36.jpg 1368w\" sizes=\"auto, (max-width: 768px) 100vw, 768px\" \/><\/figure>\n<\/figure>\n\n\n\n<p><br>(<strong>Kreiere deine Einkaufstasche<\/strong>)<\/p>\n\n\n\n<p class=\"has-yellow-color has-text-color has-medium-font-size\"><strong>Infos und Anmeldung zu allen Kursen: <\/strong><\/p>\n\n\n\n<p class=\"has-yellow-color has-text-color\"><strong><a href=\"mailto:Nadja.Maria.Wolf@web.de\">Nadja.Maria.Wolf@web.de<\/a><br><br>mobil: 049 1525 9554716<\/strong><\/p>\n\n\n\n<p><strong>Anmeldungen sind verbindlich &#8211; <br><\/strong>eine Anzahlung von 50% der Kursgeb\u00fchr muss bis 3 Wochen vor Kursbeginn \u00fcberwiesen werden. Bei kurzfristiger Absage muss die gesamte Kursgeb\u00fchr (ohne Materialkosten) bezahlt werden, wenn nicht f\u00fcr einen Ersatz gesorgt wird.<\/p>\n\n\n\n<figure class=\"wp-block-image size-full\"><img loading=\"lazy\" decoding=\"async\" width=\"320\" height=\"240\" src=\"http:\/\/patrice-blickwinkel.de\/wp-content\/uploads\/2022\/10\/IMG_20220116_161626.jpeg\" alt=\"\" class=\"wp-image-372\" srcset=\"http:\/\/patrice-blickwinkel.de\/wp-content\/uploads\/2022\/10\/IMG_20220116_161626.jpeg 320w, http:\/\/patrice-blickwinkel.de\/wp-content\/uploads\/2022\/10\/IMG_20220116_161626-300x225.jpeg 300w\" sizes=\"auto, (max-width: 320px) 100vw, 320px\" \/><figcaption class=\"wp-element-caption\">rpt<\/figcaption><\/figure>\n","protected":false},"excerpt":{"rendered":"<p>Kurse von Nadja Dufnerbald gehen die neuen Termine online (Kreiere ein Windlicht) (Kreiere deine Einkaufstasche) Infos und Anmeldung zu allen Kursen: Nadja.Maria.Wolf@web.de mobil: 049 1525 9554716 Anmeldungen sind verbindlich &#8211; eine Anzahlung von 50% der Kursgeb\u00fchr muss bis 3 Wochen vor Kursbeginn \u00fcberwiesen werden. Bei kurzfristiger Absage muss die gesamte Kursgeb\u00fchr (ohne Materialkosten) bezahlt werden, &hellip; <a href=\"http:\/\/patrice-blickwinkel.de\/?page_id=364\" class=\"more-link\"><span class=\"screen-reader-text\">Makramee &#038; Tee im Atelier<\/span> weiterlesen<\/a><\/p>\n","protected":false},"author":1,"featured_media":0,"parent":0,"menu_order":0,"comment_status":"closed","ping_status":"closed","template":"","meta":{"footnotes":""},"class_list":["post-364","page","type-page","status-publish","hentry"],"_links":{"self":[{"href":"http:\/\/patrice-blickwinkel.de\/index.php?rest_route=\/wp\/v2\/pages\/364","targetHints":{"allow":["GET"]}}],"collection":[{"href":"http:\/\/patrice-blickwinkel.de\/index.php?rest_route=\/wp\/v2\/pages"}],"about":[{"href":"http:\/\/patrice-blickwinkel.de\/index.php?rest_route=\/wp\/v2\/types\/page"}],"author":[{"embeddable":true,"href":"http:\/\/patrice-blickwinkel.de\/index.php?rest_route=\/wp\/v2\/users\/1"}],"replies":[{"embeddable":true,"href":"http:\/\/patrice-blickwinkel.de\/index.php?rest_route=%2Fwp%2Fv2%2Fcomments&post=364"}],"version-history":[{"count":31,"href":"http:\/\/patrice-blickwinkel.de\/index.php?rest_route=\/wp\/v2\/pages\/364\/revisions"}],"predecessor-version":[{"id":892,"href":"http:\/\/patrice-blickwinkel.de\/index.php?rest_route=\/wp\/v2\/pages\/364\/revisions\/892"}],"wp:attachment":[{"href":"http:\/\/patrice-blickwinkel.de\/index.php?rest_route=%2Fwp%2Fv2%2Fmedia&parent=364"}],"curies":[{"name":"wp","href":"https:\/\/api.w.org\/{rel}","templated":true}]}}