{"id":45,"date":"2019-11-10T11:24:33","date_gmt":"2019-11-10T11:24:33","guid":{"rendered":"http:\/\/patrice-blickwinkel.de\/?page_id=45"},"modified":"2025-09-30T16:56:26","modified_gmt":"2025-09-30T16:56:26","slug":"kurse","status":"publish","type":"page","link":"http:\/\/patrice-blickwinkel.de\/?page_id=45","title":{"rendered":"Kurse"},"content":{"rendered":"\n<hr class=\"wp-block-separator has-alpha-channel-opacity\"\/>\n\n\n\n<p class=\"has-text-color has-link-color wp-elements-791057e22f87cbd886da6308f580a093\" style=\"color:#db56cc\"><strong>Immer \u203aDienstags\u2039 Offenes Atelier<\/strong> f\u00fcr Schulkinder &#8211; au\u00dfer in den Schulferien <br>15:30 &#8211; 18:30 Uhr (war bisher am Donnerstag)<\/p>\n\n\n\n<p>Kurs findet ab 5 Kindern statt<br>20 \u20ac inkl. Material und Snack <br>Trinkflasche bitte mitbringen<\/p>\n\n\n\n<p><strong>Anmeldung<\/strong>: immer bis Montag in der selben Woche <br>(Anmeldung ist verbindlich, Kursgeb\u00fchr muss auch bei kurzfristiger Absage entrichtet werden.)<\/p>\n\n\n\n<p class=\"has-text-color has-medium-font-size\" style=\"color:#db56cc\"><strong>Anfragen f\u00fcr kleine private Gruppen ab 5 Kinder sind jederzeit m\u00f6glich.<\/strong><\/p>\n\n\n\n<p>\u2022 <strong>KURSE f\u00fcr Erwachsene<\/strong><br><strong>\u201eZeit f\u00fcr mich\u201c<\/strong><br>Erwachsene k\u00f6nnen <strong>ab 2 bis 4 Stunden<\/strong> buchen.<br><strong>2  Stunden <\/strong>kosten 50 \u20ac &#8211; inklusive Material<br>jede weiter Stunde 23 \u20ac<br>Leinw\u00e4nde sind darin nicht enthalten, diese k\u00f6nnen gerne mitgebracht werden.<\/p>\n\n\n\n<p>\u2022 <strong>Familienkurse<\/strong> auf Anfrage.<\/p>\n\n\n\n<p>\u2022 <strong>Freundeskurse<\/strong><br>Generell k\u00f6nnen auch Kurse mit mir vereinbart werden, wenn eine kleine Gruppe von <strong>Freunden<\/strong> sich zusammenstellt. Anfragen kostet nichts und ich versuche W\u00fcnsche &#8211; sofern sie umsetzbar sind &#8211; m\u00f6glich zu machen. <br>Gern mache ich kreative Vorschl\u00e4ge. <\/p>\n\n\n\n<p>Ich freue mich auf euch, <br>Patrice Dufner<\/p>\n","protected":false},"excerpt":{"rendered":"<p>Immer \u203aDienstags\u2039 Offenes Atelier f\u00fcr Schulkinder &#8211; au\u00dfer in den Schulferien 15:30 &#8211; 18:30 Uhr (war bisher am Donnerstag) Kurs findet ab 5 Kindern statt20 \u20ac inkl. Material und Snack Trinkflasche bitte mitbringen Anmeldung: immer bis Montag in der selben Woche (Anmeldung ist verbindlich, Kursgeb\u00fchr muss auch bei kurzfristiger Absage entrichtet werden.) Anfragen f\u00fcr kleine &hellip; <a href=\"http:\/\/patrice-blickwinkel.de\/?page_id=45\" class=\"more-link\"><span class=\"screen-reader-text\">Kurse<\/span> weiterlesen<\/a><\/p>\n","protected":false},"author":1,"featured_media":0,"parent":0,"menu_order":0,"comment_status":"closed","ping_status":"closed","template":"","meta":{"footnotes":""},"class_list":["post-45","page","type-page","status-publish","hentry"],"_links":{"self":[{"href":"http:\/\/patrice-blickwinkel.de\/index.php?rest_route=\/wp\/v2\/pages\/45","targetHints":{"allow":["GET"]}}],"collection":[{"href":"http:\/\/patrice-blickwinkel.de\/index.php?rest_route=\/wp\/v2\/pages"}],"about":[{"href":"http:\/\/patrice-blickwinkel.de\/index.php?rest_route=\/wp\/v2\/types\/page"}],"author":[{"embeddable":true,"href":"http:\/\/patrice-blickwinkel.de\/index.php?rest_route=\/wp\/v2\/users\/1"}],"replies":[{"embeddable":true,"href":"http:\/\/patrice-blickwinkel.de\/index.php?rest_route=%2Fwp%2Fv2%2Fcomments&post=45"}],"version-history":[{"count":64,"href":"http:\/\/patrice-blickwinkel.de\/index.php?rest_route=\/wp\/v2\/pages\/45\/revisions"}],"predecessor-version":[{"id":891,"href":"http:\/\/patrice-blickwinkel.de\/index.php?rest_route=\/wp\/v2\/pages\/45\/revisions\/891"}],"wp:attachment":[{"href":"http:\/\/patrice-blickwinkel.de\/index.php?rest_route=%2Fwp%2Fv2%2Fmedia&parent=45"}],"curies":[{"name":"wp","href":"https:\/\/api.w.org\/{rel}","templated":true}]}}