{"id":573,"date":"2024-02-20T16:50:37","date_gmt":"2024-02-20T16:50:37","guid":{"rendered":"http:\/\/patrice-blickwinkel.de\/?page_id=573"},"modified":"2025-09-30T16:45:40","modified_gmt":"2025-09-30T16:45:40","slug":"cynatopie","status":"publish","type":"page","link":"http:\/\/patrice-blickwinkel.de\/?page_id=573","title":{"rendered":"Cyanotypie &amp; Stempeldruck"},"content":{"rendered":"\n<p><strong>Derzeit werden von Julia keine Kurse angeboten &#8211; aber ein Gruppenkurs (mindestens 5 Teilnehmer*innen) ist auf Anfrage m\u00f6glich.<\/strong><\/p>\n\n\n\n<h2 class=\"wp-block-heading\">Cyanotypie<\/h2>\n\n\n\n<figure class=\"wp-block-image size-full\"><img loading=\"lazy\" decoding=\"async\" width=\"320\" height=\"237\" src=\"http:\/\/patrice-blickwinkel.de\/wp-content\/uploads\/2024\/02\/Cyano_Pinselstrich.jpeg\" alt=\"\" class=\"wp-image-574\" srcset=\"http:\/\/patrice-blickwinkel.de\/wp-content\/uploads\/2024\/02\/Cyano_Pinselstrich.jpeg 320w, http:\/\/patrice-blickwinkel.de\/wp-content\/uploads\/2024\/02\/Cyano_Pinselstrich-300x222.jpeg 300w\" sizes=\"auto, (max-width: 320px) 100vw, 320px\" \/><\/figure>\n\n\n\n<p><strong>Kurse mit Julia Huber<\/strong><br><strong>Cyanotypie &#8211; Bilder aus Schatten<\/strong><br><strong><br><\/strong><a href=\"mailto:huber.ju@hotmail.de\">Mail zur Kursanmeldung<\/a><\/p>\n\n\n\n<p><strong>Anmeldungen sind verbindlich &#8211; <br><\/strong>Die Kursgeb\u00fchr ist bis 3 Wochen vor Kursbeginn zu \u00fcberweisen. Bei kurzfristiger Absage muss die gesamte Kursgeb\u00fchr (ohne Materialkosten) bezahlt werden, wenn nicht f\u00fcr einen Ersatz gesorgt werden kann.<\/p>\n\n\n\n<p>Manchmal werfen die einfachsten Gegenst\u00e4nde und Materialien die interessantesten Schatten. Mit der fotografischen Technik Cyanotypie (auch: Blaudruck) k\u00f6nnen wir diese auf lichtempfindlichem Papier festhalten. Wir experimentieren, lassen uns \u00fcberraschen und schaffen spannende Bilder ganz in blau und wei\u00df. Die Cyanotypie ist eine der \u00e4ltesten Fototechniken und kommt ganz ohne giftige Chemikalien oder Fotolabor aus &#8211; ideal f\u00fcr Zuhause! Belichtet wird ganz einfach mit Sonnenlicht.<\/p>\n\n\n\n<h2 class=\"wp-block-heading\">Stempeldruck auf Stoff<\/h2>\n\n\n\n<figure class=\"wp-block-image\"><img loading=\"lazy\" decoding=\"async\" width=\"240\" height=\"240\" src=\"http:\/\/patrice-blickwinkel.de\/wp-content\/uploads\/2024\/02\/Stempel-Muster-Mix_heller.jpeg\" alt=\"\" class=\"wp-image-559\" srcset=\"http:\/\/patrice-blickwinkel.de\/wp-content\/uploads\/2024\/02\/Stempel-Muster-Mix_heller.jpeg 240w, http:\/\/patrice-blickwinkel.de\/wp-content\/uploads\/2024\/02\/Stempel-Muster-Mix_heller-150x150.jpeg 150w\" sizes=\"auto, (max-width: 240px) 100vw, 240px\" \/><\/figure>\n\n\n\n<p><\/p>\n\n\n\n<p>mit&nbsp;<strong>Julia Huber<\/strong><br>f\u00fcr Erwachsene<br><a href=\"mailto:huber.ju@hotmail.de\">Mail zur Kursanmeldung<\/a><\/p>\n\n\n\n<p>Furoshikis sind japanische Wickelt\u00fccher, mit denen man nicht nur wundersch\u00f6n und nachhaltig Geschenke verpacken, sondern auch Taschen, Kissenh\u00fcllen und vieles mehr binden kann. Gerne d\u00fcrft ihr stattdessen \/ ggf. zus\u00e4tzlich auch ein mitgebrachtes Kleidungsst\u00fcck, eine Tasche etc. aus Baumwolle oder Leinen mit eurem Stempel bedrucken.<\/p>\n\n\n\n<p>Ich unterst\u00fctze euch bei Ideenfindung und Entwurf und f\u00fchre euch ausf\u00fchrlich ins Stempel schnitzen und drucken ein. Ihr braucht keine Vorkenntnisse \u2013 alle sind willkommen! Am Ende werdet ihr mit eurem selbst gestalteten Produkt und viel neuem Input nach Hause gehen.<\/p>\n\n\n\n<figure class=\"wp-block-image\"><img loading=\"lazy\" decoding=\"async\" width=\"211\" height=\"320\" src=\"http:\/\/patrice-blickwinkel.de\/wp-content\/uploads\/2024\/02\/Furoshiki_Flasche.jpeg\" alt=\"\" class=\"wp-image-563\" srcset=\"http:\/\/patrice-blickwinkel.de\/wp-content\/uploads\/2024\/02\/Furoshiki_Flasche.jpeg 211w, http:\/\/patrice-blickwinkel.de\/wp-content\/uploads\/2024\/02\/Furoshiki_Flasche-198x300.jpeg 198w\" sizes=\"auto, (max-width: 211px) 100vw, 211px\" \/><\/figure>\n","protected":false},"excerpt":{"rendered":"<p>Derzeit werden von Julia keine Kurse angeboten &#8211; aber ein Gruppenkurs (mindestens 5 Teilnehmer*innen) ist auf Anfrage m\u00f6glich. Cyanotypie Kurse mit Julia HuberCyanotypie &#8211; Bilder aus SchattenMail zur Kursanmeldung Anmeldungen sind verbindlich &#8211; Die Kursgeb\u00fchr ist bis 3 Wochen vor Kursbeginn zu \u00fcberweisen. Bei kurzfristiger Absage muss die gesamte Kursgeb\u00fchr (ohne Materialkosten) bezahlt werden, wenn &hellip; <a href=\"http:\/\/patrice-blickwinkel.de\/?page_id=573\" class=\"more-link\"><span class=\"screen-reader-text\">Cyanotypie &amp; Stempeldruck<\/span> weiterlesen<\/a><\/p>\n","protected":false},"author":1,"featured_media":0,"parent":0,"menu_order":0,"comment_status":"closed","ping_status":"closed","template":"","meta":{"footnotes":""},"class_list":["post-573","page","type-page","status-publish","hentry"],"_links":{"self":[{"href":"http:\/\/patrice-blickwinkel.de\/index.php?rest_route=\/wp\/v2\/pages\/573","targetHints":{"allow":["GET"]}}],"collection":[{"href":"http:\/\/patrice-blickwinkel.de\/index.php?rest_route=\/wp\/v2\/pages"}],"about":[{"href":"http:\/\/patrice-blickwinkel.de\/index.php?rest_route=\/wp\/v2\/types\/page"}],"author":[{"embeddable":true,"href":"http:\/\/patrice-blickwinkel.de\/index.php?rest_route=\/wp\/v2\/users\/1"}],"replies":[{"embeddable":true,"href":"http:\/\/patrice-blickwinkel.de\/index.php?rest_route=%2Fwp%2Fv2%2Fcomments&post=573"}],"version-history":[{"count":19,"href":"http:\/\/patrice-blickwinkel.de\/index.php?rest_route=\/wp\/v2\/pages\/573\/revisions"}],"predecessor-version":[{"id":888,"href":"http:\/\/patrice-blickwinkel.de\/index.php?rest_route=\/wp\/v2\/pages\/573\/revisions\/888"}],"wp:attachment":[{"href":"http:\/\/patrice-blickwinkel.de\/index.php?rest_route=%2Fwp%2Fv2%2Fmedia&parent=573"}],"curies":[{"name":"wp","href":"https:\/\/api.w.org\/{rel}","templated":true}]}}