{"id":127,"date":"2020-11-25T15:48:58","date_gmt":"2020-11-25T15:48:58","guid":{"rendered":"http:\/\/patrice-blickwinkel.de\/?page_id=127"},"modified":"2022-01-24T15:37:48","modified_gmt":"2022-01-24T15:37:48","slug":"gelbe-kunst-im-quadrat","status":"publish","type":"page","link":"https:\/\/patrice-blickwinkel.de\/?page_id=127","title":{"rendered":"Gelbe Kunst im Quadrat"},"content":{"rendered":"\n<h4 class=\"wp-block-heading\" id=\"block-b49fd71c-b088-4761-8500-45958e417c04\"><strong>GELB \u201eGELBE KUNST IM QUADRAT\u201c<\/strong><\/h4>\n\n\n\n<p><em>Projekt Oktober 2020<\/em><\/p>\n\n\n\n<figure class=\"wp-block-embed is-type-video is-provider-youtube wp-block-embed-youtube wp-embed-aspect-16-9 wp-has-aspect-ratio\"><div class=\"wp-block-embed__wrapper\">\n<iframe loading=\"lazy\" title=\"Gelbe Kunst im Quadrat\" width=\"660\" height=\"371\" src=\"https:\/\/www.youtube.com\/embed\/7oLbW9rudI4?feature=oembed\" frameborder=\"0\" allow=\"accelerometer; autoplay; clipboard-write; encrypted-media; gyroscope; picture-in-picture; web-share\" referrerpolicy=\"strict-origin-when-cross-origin\" allowfullscreen><\/iframe>\n<\/div><\/figure>\n\n\n\n<p class=\"has-bright-blue-color has-text-color\">Liebe K\u00fcnstler, Eltern, Verwandte und Freunde,<br>herzlich Willkommen beim Film, der aus der Schaufensterausstellung <br>\u203aGelbe Kunst im Quadrat\u2039, entstanden ist. <br>Vielen Dank an alle, die bei diesem Projekt mitgewirkt haben. Es ist mir eine gro\u00dfe Freude diese Vielfalt an Kunst hier pr\u00e4sentieren zu k\u00f6nnen. <br>Viel Spa\u00df beim Anschauen.<\/p>\n\n\n\n<p>Die&nbsp;Farbe&nbsp;Gelb symbolisiert das Sonnenlicht, die Erkenntnis und das Gedeihen des Lebendigen, aber auch den Herbst und die Reife.&nbsp;<\/p>\n\n\n\n<p>Die Farbe Gelb, als Farbe des Lichts und der W\u00e4rme wirkt auf das Gem\u00fct anregend, aufheiternd und erw\u00e4rmend. In seiner Farbenlehre schreibt Goethe:<br>\u201eSie f\u00fchrt in ihrer h\u00f6chsten Reinheit immer die Natur des Hellen mit sich und besitzt eine heitere, muntere, sanft reizende Eigenschaft (&#8230;) So ist es der Erfahrung gem\u00e4\u00df, dass das Gelbe einen durchaus warmen und behaglichen Eindruck mache. Daher es auch in der Malerei der beleuchteten und wirksamen Seite zukommt. (&#8230;) Diesen w\u00e4rmende Effekt kann man am lebhaftesten bemerken, wenn man durch ein gelbes Glas, besonders in grauen Wintertagen, eine Landschaft ansieht. Das Auge wird erfreut, das Herz ausgedehnt, das Gem\u00fct erheitert; eine unmittelbare W\u00e4rme scheint uns anzuwehen.\u201c<br>[<a class=\"\" href=\"https:\/\/www.seilnacht.com\/Lexikon\/FLexLit1.htm#g\">Goethe Farbenlehre<\/a>, 765, 768, 769]<\/p>\n","protected":false},"excerpt":{"rendered":"<p>GELB \u201eGELBE KUNST IM QUADRAT\u201c Projekt Oktober 2020 Liebe K\u00fcnstler, Eltern, Verwandte und Freunde,herzlich Willkommen beim Film, der aus der Schaufensterausstellung \u203aGelbe Kunst im Quadrat\u2039, entstanden ist. Vielen Dank an alle, die bei diesem Projekt mitgewirkt haben. Es ist mir eine gro\u00dfe Freude diese Vielfalt an Kunst hier pr\u00e4sentieren zu k\u00f6nnen. Viel Spa\u00df beim Anschauen. &hellip; <a href=\"https:\/\/patrice-blickwinkel.de\/?page_id=127\" class=\"more-link\"><span class=\"screen-reader-text\">Gelbe Kunst im Quadrat<\/span> weiterlesen<\/a><\/p>\n","protected":false},"author":1,"featured_media":0,"parent":0,"menu_order":0,"comment_status":"closed","ping_status":"closed","template":"","meta":{"footnotes":""},"class_list":["post-127","page","type-page","status-publish","hentry"],"_links":{"self":[{"href":"https:\/\/patrice-blickwinkel.de\/index.php?rest_route=\/wp\/v2\/pages\/127","targetHints":{"allow":["GET"]}}],"collection":[{"href":"https:\/\/patrice-blickwinkel.de\/index.php?rest_route=\/wp\/v2\/pages"}],"about":[{"href":"https:\/\/patrice-blickwinkel.de\/index.php?rest_route=\/wp\/v2\/types\/page"}],"author":[{"embeddable":true,"href":"https:\/\/patrice-blickwinkel.de\/index.php?rest_route=\/wp\/v2\/users\/1"}],"replies":[{"embeddable":true,"href":"https:\/\/patrice-blickwinkel.de\/index.php?rest_route=%2Fwp%2Fv2%2Fcomments&post=127"}],"version-history":[{"count":7,"href":"https:\/\/patrice-blickwinkel.de\/index.php?rest_route=\/wp\/v2\/pages\/127\/revisions"}],"predecessor-version":[{"id":293,"href":"https:\/\/patrice-blickwinkel.de\/index.php?rest_route=\/wp\/v2\/pages\/127\/revisions\/293"}],"wp:attachment":[{"href":"https:\/\/patrice-blickwinkel.de\/index.php?rest_route=%2Fwp%2Fv2%2Fmedia&parent=127"}],"curies":[{"name":"wp","href":"https:\/\/api.w.org\/{rel}","templated":true}]}}