{"id":4,"date":"2019-11-02T19:16:52","date_gmt":"2019-11-02T19:16:52","guid":{"rendered":"http:\/\/patrice-blickwinkel.de\/?page_id=4"},"modified":"2025-09-30T16:46:54","modified_gmt":"2025-09-30T16:46:54","slug":"start","status":"publish","type":"page","link":"https:\/\/patrice-blickwinkel.de\/","title":{"rendered":"Aktuelles"},"content":{"rendered":"\n<h2 class=\"wp-block-heading has-yellow-color has-text-color has-link-color wp-elements-5076a495068172621fe20f2b5712b912\">Kleidermarkt<\/h2>\n\n\n\n<p>Hier sind die <strong>Infos<\/strong> zum Kleidermarkt: <br><strong>Standgeb\u00fchr<\/strong>: 15 \u20ac <br>darin ist eine Spende f\u00fcr den<a href=\"http:\/\/www.helfen-hilft.de\"> www.helfen-hilft.de<\/a> (F\u00f6rderverein f\u00fcr krebskranke\u00a0Kinder e.V.) enthalten. <br><strong>Organisatorisches: <\/strong>Du bringst deinen eigenen Tisch\/Tagesdecke\/Kleiderst\u00e4nder mit.<br>F\u00fcr das <strong>leibliche Wohl<\/strong> haben wir das Eli-Caf\u00e9 in der Bury-Passage<\/p>\n\n\n\n<p><strong>Anmeldung: <\/strong>bis zum 6 Oktober<\/p>\n\n\n\n<figure class=\"wp-block-image size-full is-resized\"><img loading=\"lazy\" decoding=\"async\" width=\"828\" height=\"833\" src=\"https:\/\/patrice-blickwinkel.de\/wp-content\/uploads\/2025\/09\/IMG_0168.jpg\" alt=\"\" class=\"wp-image-881\" style=\"width:578px;height:auto\" srcset=\"https:\/\/patrice-blickwinkel.de\/wp-content\/uploads\/2025\/09\/IMG_0168.jpg 828w, https:\/\/patrice-blickwinkel.de\/wp-content\/uploads\/2025\/09\/IMG_0168-298x300.jpg 298w, https:\/\/patrice-blickwinkel.de\/wp-content\/uploads\/2025\/09\/IMG_0168-150x150.jpg 150w, https:\/\/patrice-blickwinkel.de\/wp-content\/uploads\/2025\/09\/IMG_0168-768x773.jpg 768w\" sizes=\"auto, (max-width: 828px) 100vw, 828px\" \/><\/figure>\n\n\n\n<h3 class=\"wp-block-heading\">Neue Termine findet ihr unter <br><a href=\"https:\/\/patrice-blickwinkel.de\/?page_id=320\" data-type=\"page\" data-id=\"320\">Teenie-Kreativ<\/a> und bei den  <a href=\"https:\/\/patrice-blickwinkel.de\/?page_id=45\" data-type=\"page\" data-id=\"45\">Kursen<\/a><\/h3>\n\n\n\n<hr class=\"wp-block-separator has-alpha-channel-opacity\"\/>\n\n\n<div class=\"wp-block-image\">\n<figure class=\"alignleft size-medium\"><img loading=\"lazy\" decoding=\"async\" width=\"300\" height=\"200\" src=\"http:\/\/patrice-blickwinkel.de\/wp-content\/uploads\/2024\/01\/BES04959-2-2-300x200.jpg\" alt=\"\" class=\"wp-image-543\" srcset=\"https:\/\/patrice-blickwinkel.de\/wp-content\/uploads\/2024\/01\/BES04959-2-2-300x200.jpg 300w, https:\/\/patrice-blickwinkel.de\/wp-content\/uploads\/2024\/01\/BES04959-2-2-1024x683.jpg 1024w, https:\/\/patrice-blickwinkel.de\/wp-content\/uploads\/2024\/01\/BES04959-2-2-768x512.jpg 768w, https:\/\/patrice-blickwinkel.de\/wp-content\/uploads\/2024\/01\/BES04959-2-2-1536x1024.jpg 1536w, https:\/\/patrice-blickwinkel.de\/wp-content\/uploads\/2024\/01\/BES04959-2-2-2048x1365.jpg 2048w\" sizes=\"auto, (max-width: 300px) 100vw, 300px\" \/><\/figure>\n<\/div>\n\n\n<h4 class=\"wp-block-heading has-bright-blue-color has-text-color has-link-color wp-elements-b4c6b075615bfbce76aaad9350a63705\"><br><\/h4>\n\n\n\n<hr class=\"wp-block-separator has-alpha-channel-opacity is-style-wide\"\/>\n\n\n\n<p>\u203aUm klar zu sehen, gen\u00fcgt oft ein Wechsel der Blickrichtung.\u2039<\/p>\n\n\n\n<p style=\"font-size:14px\">Antoine de Saint-Exup\u00e9ry<\/p>\n\n\n\n<p>\u2026&nbsp;&nbsp;um in die Welt der Farben einzutauchen.<br>\u2026 um ganz bei sich zu sein.<br>\u2026 um mit allen Sinnen zu gestalten.<br>\u2026 um zu eigenen Ideen zu finden.<br>\u2026 um kreative Prozesse zu erleben und mitzugestalten.<br>\u2026 um voller Freude die eigene Kreativit\u00e4t zu erleben.<br>\u2026 um Gemeinschaft zu erfahren und Kontakte zu kn\u00fcpfen.<\/p>\n\n\n<div class=\"wp-block-image\">\n<figure class=\"alignleft is-resized\"><img loading=\"lazy\" decoding=\"async\" width=\"466\" height=\"466\" src=\"http:\/\/patrice-blickwinkel.de\/wp-content\/uploads\/2019\/11\/Atelier-Blickwinkel-\u2014-quad.png\" alt=\"\" class=\"wp-image-27\" style=\"width:226px;height:226px\" srcset=\"https:\/\/patrice-blickwinkel.de\/wp-content\/uploads\/2019\/11\/Atelier-Blickwinkel-\u2014-quad.png 466w, https:\/\/patrice-blickwinkel.de\/wp-content\/uploads\/2019\/11\/Atelier-Blickwinkel-\u2014-quad-150x150.png 150w, https:\/\/patrice-blickwinkel.de\/wp-content\/uploads\/2019\/11\/Atelier-Blickwinkel-\u2014-quad-300x300.png 300w\" sizes=\"auto, (max-width: 466px) 100vw, 466px\" \/><\/figure>\n<\/div>\n\n\n<hr class=\"wp-block-separator has-css-opacity\"\/>\n\n\n<div class=\"wp-block-image\">\n<figure class=\"alignright\"><img loading=\"lazy\" decoding=\"async\" width=\"157\" height=\"282\" src=\"http:\/\/patrice-blickwinkel.de\/wp-content\/uploads\/2019\/11\/IMG_5121-1.jpeg\" alt=\"\" class=\"wp-image-36\"\/><\/figure>\n<\/div>\n\n\n<h6 class=\"wp-block-heading\">Kreativp\u00e4dagogischer Ansatz&nbsp;<\/h6>\n\n\n\n<p>In der praktischen, kreativp\u00e4dagogischen Arbeit setze ich auf entdeckende, kreative Aktivit\u00e4ten, bei denen die Kinder mit allen Sinnen experimentieren k\u00f6nnen. Im Mittelpunkt steht die Freude und der Spa\u00df an der phantasievollen Umsetzung und an der Bewegung w\u00e4hrend des Gestaltens. Ich gebe Anregungen und Impulse, beobachte und begleite die Entwicklung der Kinder. W\u00e4hrenddessen unterst\u00fctze ich die Kinder mit k\u00fcnstlerischen Techniken, kreativen Methoden und Vorschl\u00e4gen.<\/p>\n\n\n\n<p>Ich&nbsp;setze ich auf die Neugier und die Lust am Experimentieren der Kinder und begleite diese unterst\u00fctzend mit unterschiedlichsten Materialien und Techniken.<\/p>\n\n\n\n<p><\/p>\n\n\n\n<h5 class=\"wp-block-heading\">\u00dcber mich: <\/h5>\n\n\n\n<p><em>K\u00fcnstlerin<\/em> \u2022 <em>Mutter von drei Kindern<\/em> \u2022 <em>Erzieherin \u2022 Vorschullehrerin \u2022 Atelier-und Werkstattp\u00e4dagogin \u2022 Elternberaterin \u2022 Spiel-und Kontaktgruppenleiterin \u2022 <\/em>Gestaltp\u00e4dagogin \u2022 Atelier-Leiterin \u2022 <em>MoMento-Kindertrainerin (Achtsamkeitspraxis)<\/em> \u2022 Referentin bei Bagage (P\u00e4dagogische Ideenwerkstatt Freiburg) \u2022 Erwachsenenbildung \u2022 diverse Ausstellungen und Auftragsarbeiten <\/p>\n\n\n\n<p class=\"has-text-color\" style=\"color:#bf172d;font-size:1px\">1010.12.2020<br><\/p>\n\n\n\n<p><\/p>\n","protected":false},"excerpt":{"rendered":"<p>Kleidermarkt Hier sind die Infos zum Kleidermarkt: Standgeb\u00fchr: 15 \u20ac darin ist eine Spende f\u00fcr den www.helfen-hilft.de (F\u00f6rderverein f\u00fcr krebskranke\u00a0Kinder e.V.) enthalten. Organisatorisches: Du bringst deinen eigenen Tisch\/Tagesdecke\/Kleiderst\u00e4nder mit.F\u00fcr das leibliche Wohl haben wir das Eli-Caf\u00e9 in der Bury-Passage Anmeldung: bis zum 6 Oktober Neue Termine findet ihr unter Teenie-Kreativ und bei den Kursen \u203aUm &hellip; <a href=\"https:\/\/patrice-blickwinkel.de\/\" class=\"more-link\"><span class=\"screen-reader-text\">Aktuelles<\/span> weiterlesen<\/a><\/p>\n","protected":false},"author":1,"featured_media":0,"parent":0,"menu_order":0,"comment_status":"closed","ping_status":"closed","template":"","meta":{"footnotes":""},"class_list":["post-4","page","type-page","status-publish","hentry"],"_links":{"self":[{"href":"https:\/\/patrice-blickwinkel.de\/index.php?rest_route=\/wp\/v2\/pages\/4","targetHints":{"allow":["GET"]}}],"collection":[{"href":"https:\/\/patrice-blickwinkel.de\/index.php?rest_route=\/wp\/v2\/pages"}],"about":[{"href":"https:\/\/patrice-blickwinkel.de\/index.php?rest_route=\/wp\/v2\/types\/page"}],"author":[{"embeddable":true,"href":"https:\/\/patrice-blickwinkel.de\/index.php?rest_route=\/wp\/v2\/users\/1"}],"replies":[{"embeddable":true,"href":"https:\/\/patrice-blickwinkel.de\/index.php?rest_route=%2Fwp%2Fv2%2Fcomments&post=4"}],"version-history":[{"count":149,"href":"https:\/\/patrice-blickwinkel.de\/index.php?rest_route=\/wp\/v2\/pages\/4\/revisions"}],"predecessor-version":[{"id":889,"href":"https:\/\/patrice-blickwinkel.de\/index.php?rest_route=\/wp\/v2\/pages\/4\/revisions\/889"}],"wp:attachment":[{"href":"https:\/\/patrice-blickwinkel.de\/index.php?rest_route=%2Fwp%2Fv2%2Fmedia&parent=4"}],"curies":[{"name":"wp","href":"https:\/\/api.w.org\/{rel}","templated":true}]}}