{"id":513,"date":"2024-01-18T17:11:54","date_gmt":"2024-01-18T17:11:54","guid":{"rendered":"http:\/\/patrice-blickwinkel.de\/?page_id=513"},"modified":"2025-09-30T17:02:39","modified_gmt":"2025-09-30T17:02:39","slug":"montagsmaler","status":"publish","type":"page","link":"https:\/\/patrice-blickwinkel.de\/?page_id=513","title":{"rendered":"Montagsmaler"},"content":{"rendered":"\n<figure class=\"wp-block-image size-medium\"><img loading=\"lazy\" decoding=\"async\" width=\"300\" height=\"200\" src=\"http:\/\/patrice-blickwinkel.de\/wp-content\/uploads\/2024\/01\/BES04960-2-300x200.jpg\" alt=\"\" class=\"wp-image-541\" srcset=\"https:\/\/patrice-blickwinkel.de\/wp-content\/uploads\/2024\/01\/BES04960-2-300x200.jpg 300w, https:\/\/patrice-blickwinkel.de\/wp-content\/uploads\/2024\/01\/BES04960-2-1024x683.jpg 1024w, https:\/\/patrice-blickwinkel.de\/wp-content\/uploads\/2024\/01\/BES04960-2-768x512.jpg 768w, https:\/\/patrice-blickwinkel.de\/wp-content\/uploads\/2024\/01\/BES04960-2-1536x1024.jpg 1536w, https:\/\/patrice-blickwinkel.de\/wp-content\/uploads\/2024\/01\/BES04960-2-2048x1365.jpg 2048w\" sizes=\"auto, (max-width: 300px) 100vw, 300px\" \/><\/figure>\n\n\n\n<p>F\u00fcr Vorschulkinder ab 5 Jahren<br>Montags 15:15 &#8211; 17:15 Uhr &#8211; au\u00dfer in den Schulferien<br>Kursgeb\u00fchr 15 EUR inkl. Material &amp; Snacks<br>Trinkflasche bitte mitbringen<\/p>\n\n\n\n<p><strong>Anmeldung<\/strong>: immer bis Freitag in der Vorwoche\u00a0<br>(Anmeldung ist verbindlich, Kursgeb\u00fchr muss auch bei kurzfristiger Absage entrichtet werden.)<\/p>\n","protected":false},"excerpt":{"rendered":"<p>F\u00fcr Vorschulkinder ab 5 JahrenMontags 15:15 &#8211; 17:15 Uhr &#8211; au\u00dfer in den SchulferienKursgeb\u00fchr 15 EUR inkl. Material &amp; SnacksTrinkflasche bitte mitbringen Anmeldung: immer bis Freitag in der Vorwoche\u00a0(Anmeldung ist verbindlich, Kursgeb\u00fchr muss auch bei kurzfristiger Absage entrichtet werden.)<\/p>\n","protected":false},"author":1,"featured_media":0,"parent":0,"menu_order":0,"comment_status":"closed","ping_status":"closed","template":"","meta":{"footnotes":""},"class_list":["post-513","page","type-page","status-publish","hentry"],"_links":{"self":[{"href":"https:\/\/patrice-blickwinkel.de\/index.php?rest_route=\/wp\/v2\/pages\/513","targetHints":{"allow":["GET"]}}],"collection":[{"href":"https:\/\/patrice-blickwinkel.de\/index.php?rest_route=\/wp\/v2\/pages"}],"about":[{"href":"https:\/\/patrice-blickwinkel.de\/index.php?rest_route=\/wp\/v2\/types\/page"}],"author":[{"embeddable":true,"href":"https:\/\/patrice-blickwinkel.de\/index.php?rest_route=\/wp\/v2\/users\/1"}],"replies":[{"embeddable":true,"href":"https:\/\/patrice-blickwinkel.de\/index.php?rest_route=%2Fwp%2Fv2%2Fcomments&post=513"}],"version-history":[{"count":6,"href":"https:\/\/patrice-blickwinkel.de\/index.php?rest_route=\/wp\/v2\/pages\/513\/revisions"}],"predecessor-version":[{"id":897,"href":"https:\/\/patrice-blickwinkel.de\/index.php?rest_route=\/wp\/v2\/pages\/513\/revisions\/897"}],"wp:attachment":[{"href":"https:\/\/patrice-blickwinkel.de\/index.php?rest_route=%2Fwp%2Fv2%2Fmedia&parent=513"}],"curies":[{"name":"wp","href":"https:\/\/api.w.org\/{rel}","templated":true}]}}