{"id":95,"date":"2020-06-08T12:29:37","date_gmt":"2020-06-08T12:29:37","guid":{"rendered":"http:\/\/patrice-blickwinkel.de\/?page_id=95"},"modified":"2020-11-25T16:17:55","modified_gmt":"2020-11-25T16:17:55","slug":"projekt-blau","status":"publish","type":"page","link":"https:\/\/patrice-blickwinkel.de\/?page_id=95","title":{"rendered":"Projekt \u203aBlau\u2039"},"content":{"rendered":"\n<figure class=\"wp-block-embed-youtube wp-block-embed is-type-video is-provider-youtube wp-embed-aspect-16-9 wp-has-aspect-ratio\"><div class=\"wp-block-embed__wrapper\">\n<iframe loading=\"lazy\" title=\"Blaue Kunst HD 720p\" width=\"660\" height=\"371\" src=\"https:\/\/www.youtube.com\/embed\/S6uFZdWbOHQ?feature=oembed\" frameborder=\"0\" allow=\"accelerometer; autoplay; clipboard-write; encrypted-media; gyroscope; picture-in-picture; web-share\" referrerpolicy=\"strict-origin-when-cross-origin\" allowfullscreen><\/iframe>\n<\/div><\/figure>\n\n\n\n<p>Liebe K\u00fcnstler, Eltern, Verwandte und Freunde,<br>herzlich Willkommen bei der virtuellen Vernissage zu unserm Kunstprojekt \u203aBlau\u2039.<\/p>\n\n\n\n<p><\/p>\n\n\n\n<h2 class=\"wp-block-heading\"><strong>Virtuelle Ausstellung \u203aBlau\u2039 (Mai 2020<\/strong>) <\/h2>\n\n\n\n<p>Auch wenn Corona uns ziemlich einschr\u00e4nkt, entfacht sich eine neue Art der Kreativit\u00e4t.&nbsp;Die Menschen entdecken ihre Vielfalt an Ideen, um auf eine andere Art und Weise miteinander in Kontakt zu treten und den gewohnten Blickwinkel in eine neue Richtung drehen. Auch ich habe mit meinen T\u00f6chtern \u00fcberlegt, was ich in dieser Situation beitragen kann und hier die Idee:<br>eine virtuelle Ausstellung f\u00fcr die Kinder &#8211; das Thema ist&nbsp;<em>\u00bbBlau\u00ab<\/em>.<\/p>\n\n\n\n<p>Die Farbe Blau wird mit vielen positiven Eigenschaften assoziiert: Sympathie, Harmonie, Freundlichkeit und Freundschaft.&nbsp;Blau ist die Farbe der Ferne, der Weite und der Unendlichkeit sowie die Farbe des Vertrauens und der&nbsp;Verl\u00e4sslichkeit. Blau ist still und entspannend. Also schon eine gut gew\u00e4hlte Farbe f\u00fcr die Corona-Zeit.<br>Wenn ihr euch bis zum 19.Mai 2020 verbindlich mit 20 Euro angemeldet habt, liefern meine M\u00e4dels euch die Kreativ-T\u00fcten vor eure Haust\u00fcr. Darin sind genauere Angaben und Richtlinien f\u00fcr die Teilnahme enthalten.Teilnehmen d\u00fcrfen alle Kinder im Alter von f\u00fcnf bis zw\u00f6lf Jahren. Eltern d\u00fcrfen leider nicht teilnehmen und d\u00fcrfen lediglich Hilfestellung geben, sollten die Kinder eure Unterst\u00fctzung brauchen, zum Beispiel beim Bekleben.<\/p>\n\n\n\n<p>Abgabetermin ist der 30. Mai 2020. Die Werke k\u00f6nnen beim \u00bb<strong>Atelier<\/strong> <em>blickwinkel<\/em>\u00ab von 10.00 bis 14.00 Uhr hinten im Hof auf der Laderampe abgegeben werden. Bitte, wie in der Kreativ-T\u00fcte angegeben, Name und Alter des \u201eK\u00fcnstlers\u201c am Bild hinten anbringen.&nbsp;Nur so k\u00f6nnen wir die Werke zuordnen und das ist sehr wichtig f\u00fcr die Organisierung und Ausf\u00fchrung der Austellung.<\/p>\n\n\n\n<p>Sobald die virtuelle Ausstellung online ist, bekommt ihr eine Einladung per E-Mail.&nbsp;Ihr k\u00f6nnt dann die Ausstellung von Zuhause aus besuchen und auch eure Verwandten und Freunde online dazu einladen.<\/p>\n\n\n\n<p>Ich bin sehr froh, die Unterst\u00fctzung meiner T\u00f6chter zu haben. Gemeinsam sind wir sehr darauf bedacht, dass das Atelier bestehen bleibt. Wir werden sehen, wie die Resonanz dieser Idee schwingt und dann hoffentlich weitere Themen anbieten k\u00f6nnen. Dies ist nicht als Verdienst gedacht, sondern deckt lediglich die Unkosten \ud83d\ude42 &nbsp;<\/p>\n","protected":false},"excerpt":{"rendered":"<p>Liebe K\u00fcnstler, Eltern, Verwandte und Freunde,herzlich Willkommen bei der virtuellen Vernissage zu unserm Kunstprojekt \u203aBlau\u2039. Virtuelle Ausstellung \u203aBlau\u2039 (Mai 2020) Auch wenn Corona uns ziemlich einschr\u00e4nkt, entfacht sich eine neue Art der Kreativit\u00e4t.&nbsp;Die Menschen entdecken ihre Vielfalt an Ideen, um auf eine andere Art und Weise miteinander in Kontakt zu treten und den gewohnten Blickwinkel &hellip; <a href=\"https:\/\/patrice-blickwinkel.de\/?page_id=95\" class=\"more-link\"><span class=\"screen-reader-text\">Projekt \u203aBlau\u2039<\/span> weiterlesen<\/a><\/p>\n","protected":false},"author":1,"featured_media":0,"parent":0,"menu_order":0,"comment_status":"open","ping_status":"closed","template":"","meta":{"footnotes":""},"class_list":["post-95","page","type-page","status-publish","hentry"],"_links":{"self":[{"href":"https:\/\/patrice-blickwinkel.de\/index.php?rest_route=\/wp\/v2\/pages\/95","targetHints":{"allow":["GET"]}}],"collection":[{"href":"https:\/\/patrice-blickwinkel.de\/index.php?rest_route=\/wp\/v2\/pages"}],"about":[{"href":"https:\/\/patrice-blickwinkel.de\/index.php?rest_route=\/wp\/v2\/types\/page"}],"author":[{"embeddable":true,"href":"https:\/\/patrice-blickwinkel.de\/index.php?rest_route=\/wp\/v2\/users\/1"}],"replies":[{"embeddable":true,"href":"https:\/\/patrice-blickwinkel.de\/index.php?rest_route=%2Fwp%2Fv2%2Fcomments&post=95"}],"version-history":[{"count":4,"href":"https:\/\/patrice-blickwinkel.de\/index.php?rest_route=\/wp\/v2\/pages\/95\/revisions"}],"predecessor-version":[{"id":145,"href":"https:\/\/patrice-blickwinkel.de\/index.php?rest_route=\/wp\/v2\/pages\/95\/revisions\/145"}],"wp:attachment":[{"href":"https:\/\/patrice-blickwinkel.de\/index.php?rest_route=%2Fwp%2Fv2%2Fmedia&parent=95"}],"curies":[{"name":"wp","href":"https:\/\/api.w.org\/{rel}","templated":true}]}}